{"id":21,"date":"2023-02-21T16:24:05","date_gmt":"2023-02-21T15:24:05","guid":{"rendered":"https:\/\/kgals2.unipa.it\/?page_id=21"},"modified":"2023-02-24T18:32:06","modified_gmt":"2023-02-24T17:32:06","slug":"committees","status":"publish","type":"page","link":"https:\/\/kgals2.unipa.it\/?page_id=21","title":{"rendered":"Committees"},"content":{"rendered":"\n<h3 class=\"has-text-align-left wp-block-heading\">Program Chairs<\/h3>\n\n\n\n<figure class=\"wp-block-image size-full\"><img loading=\"lazy\" decoding=\"async\" width=\"389\" height=\"141\" src=\"https:\/\/kgals2.unipa.it\/wp-content\/uploads\/2023\/02\/chairs.png\" alt=\"\" class=\"wp-image-183\" srcset=\"https:\/\/kgals2.unipa.it\/wp-content\/uploads\/2023\/02\/chairs.png 389w, https:\/\/kgals2.unipa.it\/wp-content\/uploads\/2023\/02\/chairs-300x109.png 300w\" sizes=\"auto, (max-width: 389px) 100vw, 389px\" \/><figcaption class=\"wp-element-caption\">Mariella Bonomo, University of Palermo<br>Simona E. Rombo, University of  Palermo                <\/figcaption><\/figure>\n\n\n\n<p>                                           <\/p>\n\n\n\n<h3 class=\"has-text-align-left wp-block-heading\">Program Committee&nbsp;Members<\/h3>\n\n\n\n<ul class=\"wp-block-list\">\n<li>Lorenzo Di Rocco, University of Rome \u201cLa Sapienza\u201d<\/li>\n\n\n\n<li>Valeria Fionda, University of Calabria<\/li>\n\n\n\n<li>Umberto Ferraro Petrillo, University of Rome \u201cLa Sapienza\u201d<\/li>\n\n\n\n<li>M\u00f3nica L. Mendon\u00e7a, INESC-ID, Instituto Superior T\u00e9cnico, Universidade de Lisboa<\/li>\n\n\n\n<li>Antonia Russo, University \u201cMediterranea\u201d of Reggio Calabria<\/li>\n\n\n\n<li>Cristina Serrao, University of Calabria<\/li>\n\n\n\n<li>Blerina Sinaimeri, LUISS University<\/li>\n\n\n\n<li>Leonardo Alexandre, INESC-ID, Instituto Superior T\u00e9cnico, Universidade de Lisboa<\/li>\n\n\n\n<li>Jo\u00e3o Tiago Apar\u00edcio, INESC-ID, Instituto Superior T\u00e9cnico, Universidade de Lisboa<\/li>\n<\/ul>\n","protected":false},"excerpt":{"rendered":"<p>Program Chairs Program Committee&nbsp;Members<\/p>\n","protected":false},"author":1,"featured_media":0,"parent":0,"menu_order":0,"comment_status":"closed","ping_status":"closed","template":"","meta":{"footnotes":""},"class_list":["post-21","page","type-page","status-publish","hentry"],"_links":{"self":[{"href":"https:\/\/kgals2.unipa.it\/index.php?rest_route=\/wp\/v2\/pages\/21","targetHints":{"allow":["GET"]}}],"collection":[{"href":"https:\/\/kgals2.unipa.it\/index.php?rest_route=\/wp\/v2\/pages"}],"about":[{"href":"https:\/\/kgals2.unipa.it\/index.php?rest_route=\/wp\/v2\/types\/page"}],"author":[{"embeddable":true,"href":"https:\/\/kgals2.unipa.it\/index.php?rest_route=\/wp\/v2\/users\/1"}],"replies":[{"embeddable":true,"href":"https:\/\/kgals2.unipa.it\/index.php?rest_route=%2Fwp%2Fv2%2Fcomments&post=21"}],"version-history":[{"count":14,"href":"https:\/\/kgals2.unipa.it\/index.php?rest_route=\/wp\/v2\/pages\/21\/revisions"}],"predecessor-version":[{"id":199,"href":"https:\/\/kgals2.unipa.it\/index.php?rest_route=\/wp\/v2\/pages\/21\/revisions\/199"}],"wp:attachment":[{"href":"https:\/\/kgals2.unipa.it\/index.php?rest_route=%2Fwp%2Fv2%2Fmedia&parent=21"}],"curies":[{"name":"wp","href":"https:\/\/api.w.org\/{rel}","templated":true}]}}